{"id":16,"date":"2024-11-23T13:54:43","date_gmt":"2024-11-23T12:54:43","guid":{"rendered":"https:\/\/nkotiko.cluster029.hosting.ovh.net\/?page_id=16"},"modified":"2025-01-24T16:24:10","modified_gmt":"2025-01-24T15:24:10","slug":"sinscrire-a-une-seance","status":"publish","type":"page","link":"https:\/\/meditdonc.com\/index.php\/sinscrire-a-une-seance\/","title":{"rendered":"S&rsquo;inscrire \u00e0 une s\u00e9ance"},"content":{"rendered":"\n<p><\/p>\n\n\n\n<p id=\"yui_3_17_2_1_1732373754398_417\">Pour une premi\u00e8re s\u00e9ance une inscription gratuite et rapide est n\u00e9cessaire. Vous trouverez ci-dessous les modalit\u00e9s.<\/p>\n\n\n\n<p class=\"has-text-align-center\"><strong>Plusieurs Formules<\/strong><\/p>\n\n\n\n<p>Pour r\u00e9server <strong>une s\u00e9ance de m\u00e9ditation guid\u00e9e<\/strong> vous avez deux possibilit\u00e9s: en acheter une \u00e0 l\u2019unit\u00e9 ou bien acheter une carte de plusieurs s\u00e9ances (plus avantageux). Vous pouvez r\u00e9server directement en ligne ou bien par mail ou t\u00e9l\u00e9phone aux coordonn\u00e9es de contact au bas de cette page.<\/p>\n\n\n\n<p>Venez lorsque vous en avez envie en choisissant sur le calendrier la s\u00e9ance qui vous convient.<\/p>\n\n\n\n<p><strong>Le cours d\u2019initiation<\/strong> comprend 8 s\u00e9ances r\u00e9parties sur 8 semaines successives sur le m\u00eame cr\u00e9neau. L\u2019inscription se fait uniquement par prise de contact (tel ou mail) et non en ligne, ce qui permettra de constituer le groupe en fonction des demandes.<\/p>\n\n\n\n<p id=\"yui_3_17_2_1_1732373754398_451\">Pour une <strong>s\u00e9ance de d\u00e9couverte<\/strong> cliquez sur \u201cS\u2019inscrire\u201d, cr\u00e9ez votre compte en quelques secondes et choisissez votre s\u00e9ance dans le calendrier.<\/p>\n\n\n\n<p class=\"has-text-align-center\"><strong>Modalit\u00e9s d&rsquo;inscription<\/strong><\/p>\n\n\n\n<p id=\"yui_3_17_2_1_1732373754398_476\">1. S\u00e9lectionnez la s\u00e9ance de votre choix dans le planning.<\/p>\n\n\n\n<p>\u200b2.&nbsp;Cr\u00e9ez votre compte personnel&nbsp;ou connectez vous \u00e0&nbsp;votre espace client&nbsp;en cliquant&nbsp;sur \u00ab&nbsp;Se connecter&nbsp;\u00bb en haut \u00e0 droite&nbsp;du planning.<\/p>\n\n\n\n<p>3.&nbsp;Choisissez&nbsp;le produit&nbsp;souhait\u00e9 (unit\u00e9, carte, RDV\u2026).<\/p>\n\n\n\n<p>4. Choisissez&nbsp;\u00ab&nbsp;Carte de cr\u00e9dit&nbsp;\u00bb pour payer en ligne ou \u00ab&nbsp;Payer plus tard&nbsp;\u00bb pour payer par ch\u00e8que(s) ou esp\u00e8ces sur place le jour du cours.<\/p>\n\n\n\n<p>\u200bM\u00e9dit\u2019donc travaille en partenariat avec FitogramPro qui&nbsp;g\u00e8re&nbsp;les paiements s\u00e9curis\u00e9s depuis votre compte personnel.<\/p>\n\n\n\n<p>Les r\u00e9servations peuvent \u00eatre annul\u00e9es sans frais jusqu\u2019\u00e0 24 heures avant le cours.&nbsp;<\/p>\n\n\n\n<p>Le montant du cours sera d\u00fb et aucun remboursement ne sera effectu\u00e9 en cas d\u2019annulation au-del\u00e0 de ce d\u00e9lai ou si la personne&nbsp;ne se pr\u00e9sente pas \u00e0 la s\u00e9ance.<\/p>\n\n\n\n<p>En cas de restriction&nbsp;m\u00e9dicale, la personne devra&nbsp;pr\u00e9senter&nbsp;un justificatif m\u00e9dical dans les 48h afin de&nbsp;r\u00e9cup\u00e9rer sa s\u00e9ance ou cours.<\/p>\n\n\n\n<p>\u200bPour vous&nbsp;d\u00e9sinscrire : connectez vous sur votre compte personnel, puis cliquez sur&nbsp;\u00ab R\u00e9serv\u00e9&nbsp;\u00bb, puis&nbsp;\u00ab Annuler&nbsp;\u00bb.<\/p>\n\n\n\n<div class=\"wp-block-buttons is-layout-flex wp-block-buttons-is-layout-flex\">\n<div class=\"wp-block-button\"><a class=\"wp-block-button__link wp-element-button\" href=\"https:\/\/app.fitogram.pro\/medit-donc\/events\/calendar\">S&rsquo;inscrire<\/a><\/div>\n<\/div>\n\n\n\n<p><\/p>\n","protected":false},"excerpt":{"rendered":"<p>Pour une premi\u00e8re s\u00e9ance une inscription gratuite et rapide est n\u00e9cessaire. Vous trouverez ci-dessous les modalit\u00e9s. Plusieurs Formules Pour r\u00e9server une s\u00e9ance de m\u00e9ditation guid\u00e9e vous avez deux possibilit\u00e9s: en acheter une \u00e0 l\u2019unit\u00e9 ou bien acheter une carte de plusieurs s\u00e9ances (plus avantageux). Vous pouvez r\u00e9server directement en ligne ou bien par mail ou &hellip; <\/p>\n<p class=\"link-more\"><a href=\"https:\/\/meditdonc.com\/index.php\/sinscrire-a-une-seance\/\" class=\"more-link\">Continuer la lecture<span class=\"screen-reader-text\"> de &laquo;&nbsp;S&rsquo;inscrire \u00e0 une s\u00e9ance&nbsp;&raquo;<\/span><\/a><\/p>\n","protected":false},"author":1,"featured_media":0,"parent":0,"menu_order":0,"comment_status":"closed","ping_status":"closed","template":"","meta":{"footnotes":""},"class_list":["post-16","page","type-page","status-publish","hentry"],"_links":{"self":[{"href":"https:\/\/meditdonc.com\/index.php\/wp-json\/wp\/v2\/pages\/16","targetHints":{"allow":["GET"]}}],"collection":[{"href":"https:\/\/meditdonc.com\/index.php\/wp-json\/wp\/v2\/pages"}],"about":[{"href":"https:\/\/meditdonc.com\/index.php\/wp-json\/wp\/v2\/types\/page"}],"author":[{"embeddable":true,"href":"https:\/\/meditdonc.com\/index.php\/wp-json\/wp\/v2\/users\/1"}],"replies":[{"embeddable":true,"href":"https:\/\/meditdonc.com\/index.php\/wp-json\/wp\/v2\/comments?post=16"}],"version-history":[{"count":5,"href":"https:\/\/meditdonc.com\/index.php\/wp-json\/wp\/v2\/pages\/16\/revisions"}],"predecessor-version":[{"id":53,"href":"https:\/\/meditdonc.com\/index.php\/wp-json\/wp\/v2\/pages\/16\/revisions\/53"}],"wp:attachment":[{"href":"https:\/\/meditdonc.com\/index.php\/wp-json\/wp\/v2\/media?parent=16"}],"curies":[{"name":"wp","href":"https:\/\/api.w.org\/{rel}","templated":true}]}}