{"id":11,"date":"2024-11-23T13:54:43","date_gmt":"2024-11-23T12:54:43","guid":{"rendered":"https:\/\/nkotiko.cluster029.hosting.ovh.net\/?page_id=11"},"modified":"2025-01-24T16:26:41","modified_gmt":"2025-01-24T15:26:41","slug":"contact","status":"publish","type":"page","link":"https:\/\/meditdonc.com\/index.php\/contact\/","title":{"rendered":"Contact"},"content":{"rendered":"\n<p>Pour venir d\u00e9couvrir la pratique de la m\u00e9ditation ou participer des s\u00e9ances collectives, veuillez me contacter: <\/p>\n\n\n\n<p>Nicolas  06.40.38.65.55<\/p>\n\n\n\n<p>ou par mail: dosdah@gmail.com<\/p>\n","protected":false},"excerpt":{"rendered":"<p>Pour venir d\u00e9couvrir la pratique de la m\u00e9ditation ou participer des s\u00e9ances collectives, veuillez me contacter: Nicolas 06.40.38.65.55 ou par mail: dosdah@gmail.com<\/p>\n","protected":false},"author":1,"featured_media":0,"parent":0,"menu_order":0,"comment_status":"closed","ping_status":"closed","template":"","meta":{"footnotes":""},"class_list":["post-11","page","type-page","status-publish","hentry"],"_links":{"self":[{"href":"https:\/\/meditdonc.com\/index.php\/wp-json\/wp\/v2\/pages\/11","targetHints":{"allow":["GET"]}}],"collection":[{"href":"https:\/\/meditdonc.com\/index.php\/wp-json\/wp\/v2\/pages"}],"about":[{"href":"https:\/\/meditdonc.com\/index.php\/wp-json\/wp\/v2\/types\/page"}],"author":[{"embeddable":true,"href":"https:\/\/meditdonc.com\/index.php\/wp-json\/wp\/v2\/users\/1"}],"replies":[{"embeddable":true,"href":"https:\/\/meditdonc.com\/index.php\/wp-json\/wp\/v2\/comments?post=11"}],"version-history":[{"count":2,"href":"https:\/\/meditdonc.com\/index.php\/wp-json\/wp\/v2\/pages\/11\/revisions"}],"predecessor-version":[{"id":55,"href":"https:\/\/meditdonc.com\/index.php\/wp-json\/wp\/v2\/pages\/11\/revisions\/55"}],"wp:attachment":[{"href":"https:\/\/meditdonc.com\/index.php\/wp-json\/wp\/v2\/media?parent=11"}],"curies":[{"name":"wp","href":"https:\/\/api.w.org\/{rel}","templated":true}]}}