{"id":10,"date":"2024-11-23T13:54:43","date_gmt":"2024-11-23T12:54:43","guid":{"rendered":"https:\/\/nkotiko.cluster029.hosting.ovh.net\/?page_id=10"},"modified":"2025-01-24T16:30:18","modified_gmt":"2025-01-24T15:30:18","slug":"a-propos-de","status":"publish","type":"page","link":"https:\/\/meditdonc.com\/index.php\/a-propos-de\/","title":{"rendered":"Qu&rsquo;est-ce que M\u00e9dit&rsquo;donc?"},"content":{"rendered":"\n<p><strong>M\u00e9dit&rsquo;donc<\/strong> propose des cours de m\u00e9ditation dans un espace accueillant, en groupe ou en s\u00e9ance individuelle.<\/p>\n\n\n\n<p>Son objectif est d&rsquo;en enseigner <strong>les bases<\/strong>, apporter <strong>des<\/strong> <strong>\u00e9l\u00e9ments de compr\u00e9hension<\/strong> sur ce qu&rsquo;est la m\u00e9ditation, ce qu&rsquo;elle n&rsquo;est pas, et proposer <strong>des outils pour la pratiquer de fa\u00e7on autonome<\/strong> afin d&rsquo;en percevoir les bienfaits au quotidien.<\/p>\n\n\n\n<p><strong>Trois formules sont propos\u00e9es<\/strong>: un cycle d\u2019initiation de 6 cours, des s\u00e9ances guid\u00e9es ainsi qu\u2019un accompagnement individuel sur RDV.<\/p>\n\n\n\n<p><strong>Un agenda en ligne<\/strong> permet de r\u00e9server sa s\u00e9ance selon ses disponibilit\u00e9s et \u00e0 la fr\u00e9quence de son choix.<\/p>\n\n\n\n<figure class=\"wp-block-image size-large\"><img loading=\"lazy\" decoding=\"async\" width=\"1024\" height=\"725\" src=\"https:\/\/nkotiko.cluster029.hosting.ovh.net\/wp-content\/uploads\/2024\/11\/Mediter-1024x725.png\" alt=\"\" class=\"wp-image-40\" srcset=\"https:\/\/meditdonc.com\/wp-content\/uploads\/2024\/11\/Mediter-1024x725.png 1024w, https:\/\/meditdonc.com\/wp-content\/uploads\/2024\/11\/Mediter-300x212.png 300w, https:\/\/meditdonc.com\/wp-content\/uploads\/2024\/11\/Mediter-768x543.png 768w, https:\/\/meditdonc.com\/wp-content\/uploads\/2024\/11\/Mediter-1536x1087.png 1536w, https:\/\/meditdonc.com\/wp-content\/uploads\/2024\/11\/Mediter.png 1754w\" sizes=\"auto, (max-width: 767px) 89vw, (max-width: 1000px) 54vw, (max-width: 1071px) 543px, 580px\" \/><\/figure>\n\n\n\n<p><\/p>\n\n\n\n<p><strong>Nicolas -Animateur.<\/strong> J\u2019ai cr\u00e9e M\u00e9dit\u2019donc durant la p\u00e9riode printemps\/\u00e9t\u00e9 2020. C&rsquo; est le fruit d\u2019un cheminement entre musique et m\u00e9ditation. Musicien de formation, de profession ainsi que professeur de musique j\u2019ai d\u00e9couvert la pratique de la m\u00e9ditation formelle en 2011 dans un centre bouddhiste tib\u00e9tain lors d\u2019une p\u00e9riode marqu\u00e9e par de grands bouleversements autour de moi. Passionn\u00e9 par la philosophie et la psychologie depuis mon adolescence je d\u00e9cidais de tenter l\u2019aventure int\u00e9rieure que propose la pratique formelle de la m\u00e9ditation bouddhiste et la\u00efque aussi appel\u00e9e m\u00e9ditation de pleine conscience constatant tr\u00e8s rapidement les bienfaits qui lui sont souvent attribu\u00e9s.<\/p>\n\n\n<div class=\"wp-block-image\">\n<figure class=\"alignleft size-large is-resized\"><img loading=\"lazy\" decoding=\"async\" width=\"768\" height=\"1024\" src=\"https:\/\/nkotiko.cluster029.hosting.ovh.net\/wp-content\/uploads\/2024\/11\/Photo-Nico-768x1024.jpg\" alt=\"\" class=\"wp-image-42\" style=\"width:223px;height:auto\" srcset=\"https:\/\/meditdonc.com\/wp-content\/uploads\/2024\/11\/Photo-Nico-768x1024.jpg 768w, https:\/\/meditdonc.com\/wp-content\/uploads\/2024\/11\/Photo-Nico-225x300.jpg 225w, https:\/\/meditdonc.com\/wp-content\/uploads\/2024\/11\/Photo-Nico-1152x1536.jpg 1152w, https:\/\/meditdonc.com\/wp-content\/uploads\/2024\/11\/Photo-Nico-1536x2048.jpg 1536w, https:\/\/meditdonc.com\/wp-content\/uploads\/2024\/11\/Photo-Nico-scaled.jpg 1920w\" sizes=\"auto, (max-width: 767px) 89vw, (max-width: 1000px) 54vw, (max-width: 1071px) 543px, 580px\" \/><\/figure>\n<\/div>\n\n\n<p>De l\u00e0 est n\u00e9e une confiance bas\u00e9e sur l\u2019exp\u00e9rience m\u2019invitant \u00e0 m\u2019engager chaque jour un peu plus dans la pratique et dans l\u2019\u00e9tude. Des rencontres avec des ma\u00eetres de m\u00e9ditation, des conf\u00e9rences, des stages, des retraites solitaires ou en groupes mais surtout une \u00e9tude approfondie et une pratique soutenue ont peu \u00e0 peu fa\u00e7onn\u00e9 mon parcours m\u2019amenant jusqu\u2019ici avec le souhait de partager et transmettre. Une formation d\u2019instructeur en m\u00e9ditation ainsi que l\u2019 exp\u00e9rience p\u00e9dagogique que j\u2019ai pu d\u00e9velopper de par ma profession ont en outre concouru \u00e0 concr\u00e9tiser ce projet.<\/p>\n\n\n\n<p>Nous avons tous quel que soit notre secteur d&rsquo;activit\u00e9, sensibilit\u00e9 ou motivation, la possibilit\u00e9 de nous adonner \u00e0 cette merveilleuse discipline. Ce que propose la m\u00e9ditation et notamment la m\u00e9ditation de pleine conscience c\u2019est un moment o\u00f9 l\u2019on apprend \u00e0 observer ce qui se pr\u00e9sente \u00e0 nous sans devoir y r\u00e9agir. De cette habitude naissent un espace de libert\u00e9, une clart\u00e9, un discernement, une confiance qui petit \u00e0 petit prennent de plus en plus leur place dans notre rapport au monde lui conf\u00e9rant une dimension plus objective et plus d\u00e9tendue.&nbsp;La m\u00e9ditation&nbsp;est un exercice naturel de l\u2019attention que toutes et tous, petits et grands sommes capables de r\u00e9aliser. Alors, <strong>m\u00e9dit\u2019 donc!<\/strong><\/p>\n","protected":false},"excerpt":{"rendered":"<p>M\u00e9dit&rsquo;donc propose des cours de m\u00e9ditation dans un espace accueillant, en groupe ou en s\u00e9ance individuelle. Son objectif est d&rsquo;en enseigner les bases, apporter des \u00e9l\u00e9ments de compr\u00e9hension sur ce qu&rsquo;est la m\u00e9ditation, ce qu&rsquo;elle n&rsquo;est pas, et proposer des outils pour la pratiquer de fa\u00e7on autonome afin d&rsquo;en percevoir les bienfaits au quotidien. Trois &hellip; <\/p>\n<p class=\"link-more\"><a href=\"https:\/\/meditdonc.com\/index.php\/a-propos-de\/\" class=\"more-link\">Continuer la lecture<span class=\"screen-reader-text\"> de &laquo;&nbsp;Qu&rsquo;est-ce que M\u00e9dit&rsquo;donc?&nbsp;&raquo;<\/span><\/a><\/p>\n","protected":false},"author":1,"featured_media":0,"parent":0,"menu_order":0,"comment_status":"closed","ping_status":"closed","template":"","meta":{"footnotes":""},"class_list":["post-10","page","type-page","status-publish","hentry"],"_links":{"self":[{"href":"https:\/\/meditdonc.com\/index.php\/wp-json\/wp\/v2\/pages\/10","targetHints":{"allow":["GET"]}}],"collection":[{"href":"https:\/\/meditdonc.com\/index.php\/wp-json\/wp\/v2\/pages"}],"about":[{"href":"https:\/\/meditdonc.com\/index.php\/wp-json\/wp\/v2\/types\/page"}],"author":[{"embeddable":true,"href":"https:\/\/meditdonc.com\/index.php\/wp-json\/wp\/v2\/users\/1"}],"replies":[{"embeddable":true,"href":"https:\/\/meditdonc.com\/index.php\/wp-json\/wp\/v2\/comments?post=10"}],"version-history":[{"count":4,"href":"https:\/\/meditdonc.com\/index.php\/wp-json\/wp\/v2\/pages\/10\/revisions"}],"predecessor-version":[{"id":58,"href":"https:\/\/meditdonc.com\/index.php\/wp-json\/wp\/v2\/pages\/10\/revisions\/58"}],"wp:attachment":[{"href":"https:\/\/meditdonc.com\/index.php\/wp-json\/wp\/v2\/media?parent=10"}],"curies":[{"name":"wp","href":"https:\/\/api.w.org\/{rel}","templated":true}]}}